{"id":28,"date":"2025-01-31T07:59:31","date_gmt":"2025-01-31T13:59:31","guid":{"rendered":"https:\/\/gen.artereciclada.com.br\/?page_id=28"},"modified":"2025-03-27T01:08:57","modified_gmt":"2025-03-27T04:08:57","slug":"contato","status":"publish","type":"page","link":"https:\/\/gen.artereciclada.com.br\/fr\/contato\/","title":{"rendered":"Contato"},"content":{"rendered":"<p>Estamos sempre \u00e0 disposi\u00e7\u00e3o para responder suas d\u00favidas, receber sugest\u00f5es ou at\u00e9 mesmo para uma boa conversa sobre moda e beleza sustent\u00e1vel. Se voc\u00ea deseja entrar em contato conosco, envie um e-mail para a nossa equipe.<\/p>\n\n\n\n<p><strong>Nosso E-mail:<\/strong><br>Para quest\u00f5es gerais ou parcerias, voc\u00ea pode nos contatar pelo e-mail:<br><strong><a class=\"\">contato@artereciclada.com.br<\/a><\/strong><\/p>\n\n\n\n<p><strong>Hor\u00e1rio de Atendimento:<\/strong><br>Segunda a Sexta-feira: 9h \u00e0s 18h (Hor\u00e1rio de Bras\u00edlia)<br>S\u00e1bado e Domingo: Fechado<\/p>\n\n\n\n<p>Fique \u00e0 vontade para nos enviar uma mensagem e nossa equipe retornar\u00e1 o mais r\u00e1pido poss\u00edvel!<\/p>\n\n\n\n<hr class=\"wp-block-separator has-alpha-channel-opacity\"\/>\n\n\n\n<p><strong>Data de Atualiza\u00e7\u00e3o:<\/strong> 27 de Mar\u00e7o de 2025<\/p>\n\n\n\n<p><\/p>","protected":false},"excerpt":{"rendered":"<p>Estamos sempre \u00e0 disposi\u00e7\u00e3o para responder suas d\u00favidas, receber sugest\u00f5es ou at\u00e9 mesmo para uma boa conversa sobre moda e beleza sustent\u00e1vel. Se voc\u00ea deseja entrar em contato conosco, envie um e-mail para a nossa equipe. Nosso E-mail:Para quest\u00f5es gerais ou parcerias, voc\u00ea pode nos contatar pelo e-mail:contato@artereciclada.com.br Hor\u00e1rio de Atendimento:Segunda a Sexta-feira: 9h \u00e0s [&hellip;]<\/p>","protected":false},"author":4,"featured_media":17,"parent":0,"menu_order":0,"comment_status":"closed","ping_status":"closed","template":"","meta":{"footnotes":""},"class_list":["post-28","page","type-page","status-publish","has-post-thumbnail","hentry"],"blocksy_meta":[],"_links":{"self":[{"href":"https:\/\/gen.artereciclada.com.br\/fr\/wp-json\/wp\/v2\/pages\/28","targetHints":{"allow":["GET"]}}],"collection":[{"href":"https:\/\/gen.artereciclada.com.br\/fr\/wp-json\/wp\/v2\/pages"}],"about":[{"href":"https:\/\/gen.artereciclada.com.br\/fr\/wp-json\/wp\/v2\/types\/page"}],"author":[{"embeddable":true,"href":"https:\/\/gen.artereciclada.com.br\/fr\/wp-json\/wp\/v2\/users\/4"}],"replies":[{"embeddable":true,"href":"https:\/\/gen.artereciclada.com.br\/fr\/wp-json\/wp\/v2\/comments?post=28"}],"version-history":[{"count":3,"href":"https:\/\/gen.artereciclada.com.br\/fr\/wp-json\/wp\/v2\/pages\/28\/revisions"}],"predecessor-version":[{"id":171,"href":"https:\/\/gen.artereciclada.com.br\/fr\/wp-json\/wp\/v2\/pages\/28\/revisions\/171"}],"wp:featuredmedia":[{"embeddable":true,"href":"https:\/\/gen.artereciclada.com.br\/fr\/wp-json\/wp\/v2\/media\/17"}],"wp:attachment":[{"href":"https:\/\/gen.artereciclada.com.br\/fr\/wp-json\/wp\/v2\/media?parent=28"}],"curies":[{"name":"wp","href":"https:\/\/api.w.org\/{rel}","templated":true}]}}