{"id":30,"date":"2025-01-31T08:02:13","date_gmt":"2025-01-31T14:02:13","guid":{"rendered":"https:\/\/gen.artereciclada.com.br\/?page_id=30"},"modified":"2025-03-27T01:10:44","modified_gmt":"2025-03-27T04:10:44","slug":"politica-de-cookies","status":"publish","type":"page","link":"https:\/\/gen.artereciclada.com.br\/fr\/politica-de-cookies\/","title":{"rendered":"Pol\u00edtica de Cookies"},"content":{"rendered":"<div class=\"cookie-policy\">\n    \n    <p>Bem-vindo ao <strong>Gen Arte<\/strong>! Esta Pol\u00edtica de Cookies descreve como o <strong>Gen Arte<\/strong> (&#8220;n\u00f3s&#8221;, &#8220;nosso&#8221;, ou &#8220;nos&#8221;) utiliza cookies e tecnologias similares no site <a href=\"https:\/\/gen.artereciclada.com.br\/fr\/\">gen.artereciclada.com.br<\/a> (doravante referido como &#8220;Site&#8221;). Estamos comprometidos em proteger sua privacidade e garantir transpar\u00eancia sobre o uso de cookies, em conformidade com a Lei Geral de Prote\u00e7\u00e3o de Dados (LGPD &#8211; Lei n\u00ba 13.709\/2018).<\/p>\n    \n    <h2>1. O que S\u00e3o Cookies<\/h2>\n    <p>Cookies s\u00e3o pequenos arquivos de texto que s\u00e3o armazenados no seu dispositivo (computador, tablet, smartphone) quando voc\u00ea visita um site. Eles s\u00e3o amplamente utilizados para tornar os sites mais eficientes, al\u00e9m de fornecer informa\u00e7\u00f5es para os propriet\u00e1rios do site.<\/p>\n    \n    <h2>2. Como Usamos os Cookies<\/h2>\n    <p>Usamos cookies para diversos fins, incluindo:<\/p>\n    <ul>\n        <li><strong>Autentica\u00e7\u00e3o e Seguran\u00e7a<\/strong>: Garantir que voc\u00ea tenha acesso seguro ao Site e suas funcionalidades.<\/li>\n        <li><strong>An\u00e1lise e Melhoria<\/strong>: Compreender como os usu\u00e1rios interagem com o Site para melhorar sua usabilidade e conte\u00fado.<\/li>\n        <li><strong>Personaliza\u00e7\u00e3o<\/strong>: Adaptar o conte\u00fado e as ofertas de acordo com suas prefer\u00eancias e comportamentos de navega\u00e7\u00e3o.<\/li>\n        <li><strong>Publicidade<\/strong>: Exibir an\u00fancios relevantes e personalizados, al\u00e9m de medir a efic\u00e1cia das campanhas publicit\u00e1rias.<\/li>\n    <\/ul>\n    \n    <h2>3. Tipos de Cookies Utilizados<\/h2>\n    \n    <h3>3.1 Cookies Essenciais<\/h3>\n    <p>Esses cookies s\u00e3o necess\u00e1rios para o funcionamento b\u00e1sico do Site. Eles permitem que voc\u00ea navegue no Site e use suas funcionalidades, como o acesso a \u00e1reas seguras. Sem esses cookies, alguns servi\u00e7os oferecidos no Site n\u00e3o podem ser fornecidos.<\/p>\n    <strong>Exemplos de Uso:<\/strong>\n    <ul>\n        <li>Manter sua sess\u00e3o de login ativa.<\/li>\n        <li>Lembrar suas prefer\u00eancias de idioma.<\/li>\n    <\/ul>\n    \n    <h3>3.2 Cookies de Performance<\/h3>\n    <p>Os cookies de performance coletam informa\u00e7\u00f5es sobre como voc\u00ea utiliza o Site, como as p\u00e1ginas que voc\u00ea visita com mais frequ\u00eancia e se voc\u00ea recebe mensagens de erro de p\u00e1ginas da web. Esses cookies n\u00e3o coletam informa\u00e7\u00f5es que identifiquem um visitante. Todas as informa\u00e7\u00f5es coletadas por esses cookies s\u00e3o agregadas e, portanto, an\u00f4nimas. Elas s\u00e3o usadas exclusivamente para melhorar o funcionamento do Site.<\/p>\n    <strong>Exemplos de Uso:<\/strong>\n    <ul>\n        <li>Analisar o tr\u00e1fego do Site.<\/li>\n        <li>Identificar \u00e1reas do Site que precisam de melhorias.<\/li>\n    <\/ul>\n    \n    <h3>3.3 Cookies de Funcionalidade<\/h3>\n    <p>Esses cookies permitem que o Site lembre as escolhas que voc\u00ea faz (como seu nome de usu\u00e1rio, idioma ou a regi\u00e3o em que est\u00e1) e forne\u00e7a funcionalidades aprimoradas e mais personalizadas. Essas informa\u00e7\u00f5es podem ser usadas para lembrar suas prefer\u00eancias para visitas futuras ao Site.<\/p>\n    <strong>Exemplos de Uso:<\/strong>\n    <ul>\n        <li>Salvar suas prefer\u00eancias de visualiza\u00e7\u00e3o.<\/li>\n        <li>Personalizar o conte\u00fado exibido com base em suas escolhas anteriores.<\/li>\n    <\/ul>\n    \n    <h3>3.4 Cookies de Publicidade<\/h3>\n    <p>Os cookies de publicidade s\u00e3o usados para exibir an\u00fancios mais relevantes para voc\u00ea e seus interesses. Eles tamb\u00e9m s\u00e3o usados para limitar o n\u00famero de vezes que voc\u00ea v\u00ea um an\u00fancio e para ajudar a medir a efic\u00e1cia das campanhas publicit\u00e1rias.<\/p>\n    <strong>Exemplos de Uso:<\/strong>\n    <ul>\n        <li>Exibir an\u00fancios com base em seus interesses.<\/li>\n        <li>Controlar a frequ\u00eancia com que um an\u00fancio espec\u00edfico \u00e9 mostrado a voc\u00ea.<\/li>\n    <\/ul>\n    \n    <h2>4. Como Usamos os Cookies<\/h2>\n    <ul>\n        <li><strong>Autentica\u00e7\u00e3o e Seguran\u00e7a<\/strong>: Garantir que voc\u00ea tenha acesso seguro ao Site e suas funcionalidades.<\/li>\n        <li><strong>An\u00e1lise e Melhoria<\/strong>: Compreender como os usu\u00e1rios interagem com o Site para melhorar sua usabilidade e conte\u00fado.<\/li>\n        <li><strong>Personaliza\u00e7\u00e3o<\/strong>: Adaptar o conte\u00fado e as ofertas de acordo com suas prefer\u00eancias e comportamentos de navega\u00e7\u00e3o.<\/li>\n        <li><strong>Publicidade<\/strong>: Exibir an\u00fancios relevantes e personalizados, al\u00e9m de medir a efic\u00e1cia das campanhas publicit\u00e1rias.<\/li>\n    <\/ul>\n    \n    <h2>5. Gerenciando Cookies<\/h2>\n    <p>Os usu\u00e1rios t\u00eam a liberdade de bloquear ou desabilitar cookies de qualquer site, incluindo o nosso, a qualquer momento, ajustando as configura\u00e7\u00f5es do navegador de internet.<\/p>\n    \n    <h3>5.1 Como Bloquear Cookies<\/h3>\n    <p>Aqui est\u00e3o os links para os guias de ajuda dos principais navegadores, que podem ajud\u00e1-lo com esse procedimento:<\/p>\n    <ul>\n        <li><strong><a href=\"https:\/\/support.microsoft.com\/en-us\/microsoft-edge\/delete-cookies-in-microsoft-edge-63947406-40ac-c3b8-57b9-2a946a29ae09\" target=\"_blank\" rel=\"noopener\">Microsoft Edge<\/a><\/strong><\/li>\n        <li><strong><a href=\"https:\/\/support.mozilla.org\/en-US\/kb\/enable-and-disable-cookies-website-preferences\" target=\"_blank\" rel=\"noopener\">Mozilla Firefox<\/a><\/strong><\/li>\n        <li><strong><a href=\"https:\/\/support.google.com\/chrome\/answer\/95647?hl=en\" target=\"_blank\" rel=\"noopener\">Google Chrome<\/a><\/strong><\/li>\n        <li><strong><a href=\"https:\/\/help.opera.com\/en\/latest\/web-preferences\/#cookies\" target=\"_blank\" rel=\"noopener\">Opera<\/a><\/strong><\/li>\n        <li><strong><a href=\"https:\/\/support.apple.com\/guide\/safari\/manage-cookies-and-website-data-sfri11471\/mac\" target=\"_blank\" rel=\"noopener\">Safari<\/a><\/strong><\/li>\n    <\/ul>\n    \n    <h3>5.2 Desabilitar Publicidade Personalizada<\/h3>\n    <p>Se voc\u00ea deseja desabilitar an\u00fancios personalizados fornecidos pelo Google, pode alterar suas configura\u00e7\u00f5es em <a href=\"https:\/\/adssettings.google.com\/authenticated\" target=\"_blank\" rel=\"noopener\">Configura\u00e7\u00f5es de An\u00fancios do Google<\/a>.<\/p>\n    <p>Para desabilitar publicidade personalizada de terceiros, visite <a href=\"https:\/\/www.aboutads.info\" target=\"_blank\" rel=\"noopener\">www.aboutads.info<\/a>, onde voc\u00ea encontrar\u00e1 orienta\u00e7\u00f5es sobre como gerenciar suas prefer\u00eancias de an\u00fancios em v\u00e1rias plataformas.<\/p>\n    \n    <strong>Passos para Desabilitar An\u00fancios Personalizados:<\/strong>\n    <ol>\n        <li><strong>No Google:<\/strong>\n            <ul>\n                <li>Acesse <a href=\"https:\/\/adssettings.google.com\/authenticated\" target=\"_blank\" rel=\"noopener\">Configura\u00e7\u00f5es de An\u00fancios do Google<\/a>.<\/li>\n                <li>Desative a op\u00e7\u00e3o &#8220;Personaliza\u00e7\u00e3o de An\u00fancios&#8221;.<\/li>\n            <\/ul>\n        <\/li>\n        <li><strong>Com Terceiros:<\/strong>\n            <ul>\n                <li>Acesse <a href=\"https:\/\/www.aboutads.info\" target=\"_blank\" rel=\"noopener\">www.aboutads.info<\/a>.<\/li>\n                <li>Siga as instru\u00e7\u00f5es para gerenciar suas prefer\u00eancias de an\u00fancios em diferentes plataformas e dispositivos.<\/li>\n            <\/ul>\n        <\/li>\n    <\/ol>\n    \n    <h2>6. Consentimento<\/h2>\n    <p>Ao utilizar nosso Site, voc\u00ea concorda com o uso de cookies conforme descrito nesta Pol\u00edtica de Cookies. Se voc\u00ea n\u00e3o concordar com o uso de determinados tipos de cookies, pode ajustar as configura\u00e7\u00f5es de cookies conforme as instru\u00e7\u00f5es fornecidas acima. No entanto, observe que desabilitar alguns cookies pode afetar sua experi\u00eancia no Site e limitar o acesso a certas funcionalidades.<\/p>\n    \n    <h2>7. Atualiza\u00e7\u00f5es na Pol\u00edtica de Cookies<\/h2>\n    <p>Podemos atualizar esta Pol\u00edtica de Cookies periodicamente para refletir mudan\u00e7as em nossas pr\u00e1ticas ou por raz\u00f5es legais. Quando fizermos altera\u00e7\u00f5es, atualizaremos a data de &#8220;\u00daltima Atualiza\u00e7\u00e3o&#8221; ao final desta pol\u00edtica e postaremos a vers\u00e3o revisada no Site. Recomendamos que voc\u00ea revise esta Pol\u00edtica de Cookies periodicamente para se manter informado sobre como estamos utilizando os cookies.<\/p>\n    \n    <h2>8. Servi\u00e7os de Terceiros<\/h2>\n    <p>Podemos utilizar servi\u00e7os de terceiros para fornecer funcionalidades adicionais ao Site, como processamento de pagamentos, an\u00e1lise de dados e hospedagem de conte\u00fado. Esses terceiros podem ter acesso \u00e0s suas informa\u00e7\u00f5es pessoais apenas para realizar essas tarefas em nosso nome e s\u00e3o obrigados a proteger essas informa\u00e7\u00f5es de acordo com esta Pol\u00edtica de Privacidade e a LGPD.<\/p>\n    \n    <h2>9. Privacidade de Crian\u00e7as<\/h2>\n    <p>Nosso Site n\u00e3o \u00e9 destinado a crian\u00e7as com menos de 18 anos. N\u00e3o coletamos conscientemente informa\u00e7\u00f5es pessoais de crian\u00e7as. Se tomarmos conhecimento de que inadvertidamente coletamos informa\u00e7\u00f5es pessoais de uma crian\u00e7a, tomaremos medidas para excluir imediatamente essas informa\u00e7\u00f5es.<\/p>\n    \n    <h2>10. Contato<\/h2>\n    <p>Se voc\u00ea tiver alguma d\u00favida sobre esta Pol\u00edtica de Cookies, entre em contato conosco por e-mail em <a href=\"mailto:contato@artereciclada.com.br\">contato@artereciclada.com.br<\/a>.<\/p>\n    \n    <hr>\n    \n    <p class=\"last-updated\">\u00daltima atualiza\u00e7\u00e3o: 27 de Mar\u00e7o de 2025<\/p>\n<\/div>\n\n\n\n<p><\/p>","protected":false},"excerpt":{"rendered":"<p>Bem-vindo ao Gen Arte! Esta Pol\u00edtica de Cookies descreve como o Gen Arte (&#8220;n\u00f3s&#8221;, &#8220;nosso&#8221;, ou &#8220;nos&#8221;) utiliza cookies e tecnologias similares no site gen.artereciclada.com.br (doravante referido como &#8220;Site&#8221;). Estamos comprometidos em proteger sua privacidade e garantir transpar\u00eancia sobre o uso de cookies, em conformidade com a Lei Geral de Prote\u00e7\u00e3o de Dados (LGPD &#8211; [&hellip;]<\/p>","protected":false},"author":4,"featured_media":17,"parent":0,"menu_order":0,"comment_status":"closed","ping_status":"closed","template":"","meta":{"footnotes":""},"class_list":["post-30","page","type-page","status-publish","has-post-thumbnail","hentry"],"blocksy_meta":[],"_links":{"self":[{"href":"https:\/\/gen.artereciclada.com.br\/fr\/wp-json\/wp\/v2\/pages\/30","targetHints":{"allow":["GET"]}}],"collection":[{"href":"https:\/\/gen.artereciclada.com.br\/fr\/wp-json\/wp\/v2\/pages"}],"about":[{"href":"https:\/\/gen.artereciclada.com.br\/fr\/wp-json\/wp\/v2\/types\/page"}],"author":[{"embeddable":true,"href":"https:\/\/gen.artereciclada.com.br\/fr\/wp-json\/wp\/v2\/users\/4"}],"replies":[{"embeddable":true,"href":"https:\/\/gen.artereciclada.com.br\/fr\/wp-json\/wp\/v2\/comments?post=30"}],"version-history":[{"count":5,"href":"https:\/\/gen.artereciclada.com.br\/fr\/wp-json\/wp\/v2\/pages\/30\/revisions"}],"predecessor-version":[{"id":174,"href":"https:\/\/gen.artereciclada.com.br\/fr\/wp-json\/wp\/v2\/pages\/30\/revisions\/174"}],"wp:featuredmedia":[{"embeddable":true,"href":"https:\/\/gen.artereciclada.com.br\/fr\/wp-json\/wp\/v2\/media\/17"}],"wp:attachment":[{"href":"https:\/\/gen.artereciclada.com.br\/fr\/wp-json\/wp\/v2\/media?parent=30"}],"curies":[{"name":"wp","href":"https:\/\/api.w.org\/{rel}","templated":true}]}}