{"id":32,"date":"2025-01-31T08:17:17","date_gmt":"2025-01-31T14:17:17","guid":{"rendered":"https:\/\/gen.artereciclada.com.br\/?page_id=32"},"modified":"2025-03-27T01:07:31","modified_gmt":"2025-03-27T04:07:31","slug":"sobre-nos","status":"publish","type":"page","link":"https:\/\/gen.artereciclada.com.br\/it\/sobre-nos\/","title":{"rendered":"Sobre N\u00f3s"},"content":{"rendered":"<p>Bem-vindo ao <strong>Gen Arte<\/strong>, seu espa\u00e7o dedicado \u00e0 moda e beleza com um toque \u00fanico e sustent\u00e1vel. Nosso blog \u00e9 voltado para aqueles que desejam estar atualizados sobre as \u00faltimas tend\u00eancias de moda, dicas de cuidados de beleza e, claro, tudo com foco em pr\u00e1ticas sustent\u00e1veis.<\/p>\n\n\n\n<p>Aqui no <strong>Gen Arte<\/strong>, acreditamos que \u00e9 poss\u00edvel se manter fashion e, ao mesmo tempo, cuidar do meio ambiente. Em nossos artigos, voc\u00ea encontrar\u00e1 informa\u00e7\u00f5es sobre como fazer escolhas conscientes no mundo da moda, produtos de beleza naturais, dicas de upcycling de roupas, e muito mais. Nosso compromisso \u00e9 proporcionar conte\u00fados que inspirem n\u00e3o apenas o seu estilo, mas tamb\u00e9m sua consci\u00eancia ecol\u00f3gica.<\/p>\n\n\n\n<p>Nosso time de especialistas est\u00e1 sempre \u00e0 procura de novas formas de trazer para voc\u00ea as melhores tend\u00eancias, sem deixar de lado a import\u00e2ncia de respeitar o planeta. Se voc\u00ea \u00e9 apaixonado por moda, beleza e sustentabilidade, est\u00e1 no lugar certo!<\/p>\n\n\n\n<p><strong>Fale Conosco:<\/strong><\/p>\n\n\n\n<p>Se voc\u00ea tiver alguma d\u00favida ou sugest\u00e3o, estamos \u00e0 disposi\u00e7\u00e3o para conversar! Entre em contato conosco atrav\u00e9s do e-mail:<br><strong><a class=\"\">contato@artereciclada.com.br<\/a><\/strong><\/p>\n\n\n\n<p><strong>Siga-nos:<\/strong><br>Acompanhe nossas atualiza\u00e7\u00f5es nas redes sociais e fique por dentro de tudo o que rola no mundo da moda e beleza sustent\u00e1vel.<\/p>\n\n\n\n<p><strong>Endere\u00e7o do Blog:<\/strong><br><a class=\"\" href=\"https:\/\/gen.artereciclada.com.br\/it\/\">Gen Arte<\/a><\/p>\n\n\n\n<p>Atualizado em 27 de Mar\u00e7o de 2025<\/p>\n\n\n\n<p><\/p>","protected":false},"excerpt":{"rendered":"<p>Bem-vindo ao Gen Arte, seu espa\u00e7o dedicado \u00e0 moda e beleza com um toque \u00fanico e sustent\u00e1vel. Nosso blog \u00e9 voltado para aqueles que desejam estar atualizados sobre as \u00faltimas tend\u00eancias de moda, dicas de cuidados de beleza e, claro, tudo com foco em pr\u00e1ticas sustent\u00e1veis. Aqui no Gen Arte, acreditamos que \u00e9 poss\u00edvel se [&hellip;]<\/p>","protected":false},"author":4,"featured_media":17,"parent":0,"menu_order":0,"comment_status":"closed","ping_status":"closed","template":"","meta":{"footnotes":""},"class_list":["post-32","page","type-page","status-publish","has-post-thumbnail","hentry"],"blocksy_meta":[],"_links":{"self":[{"href":"https:\/\/gen.artereciclada.com.br\/it\/wp-json\/wp\/v2\/pages\/32","targetHints":{"allow":["GET"]}}],"collection":[{"href":"https:\/\/gen.artereciclada.com.br\/it\/wp-json\/wp\/v2\/pages"}],"about":[{"href":"https:\/\/gen.artereciclada.com.br\/it\/wp-json\/wp\/v2\/types\/page"}],"author":[{"embeddable":true,"href":"https:\/\/gen.artereciclada.com.br\/it\/wp-json\/wp\/v2\/users\/4"}],"replies":[{"embeddable":true,"href":"https:\/\/gen.artereciclada.com.br\/it\/wp-json\/wp\/v2\/comments?post=32"}],"version-history":[{"count":3,"href":"https:\/\/gen.artereciclada.com.br\/it\/wp-json\/wp\/v2\/pages\/32\/revisions"}],"predecessor-version":[{"id":169,"href":"https:\/\/gen.artereciclada.com.br\/it\/wp-json\/wp\/v2\/pages\/32\/revisions\/169"}],"wp:featuredmedia":[{"embeddable":true,"href":"https:\/\/gen.artereciclada.com.br\/it\/wp-json\/wp\/v2\/media\/17"}],"wp:attachment":[{"href":"https:\/\/gen.artereciclada.com.br\/it\/wp-json\/wp\/v2\/media?parent=32"}],"curies":[{"name":"wp","href":"https:\/\/api.w.org\/{rel}","templated":true}]}}